{"id":639,"date":"2026-04-22T12:45:18","date_gmt":"2026-04-22T10:45:18","guid":{"rendered":"https:\/\/geluksdruppeltjes.nl\/aviso-legal\/"},"modified":"2026-04-28T20:30:49","modified_gmt":"2026-04-28T18:30:49","slug":"juridische-kennisgeving","status":"publish","type":"page","link":"https:\/\/geluksdruppeltjes.nl\/nl\/juridische-kennisgeving\/","title":{"rendered":"Juridische kennisgeving"},"content":{"rendered":"\t\t<div data-elementor-type=\"wp-page\" data-elementor-id=\"639\" class=\"elementor elementor-639 elementor-300\" data-elementor-post-type=\"page\">\n\t\t\t\t<div class=\"elementor-element elementor-element-5210c97 e-con-full e-flex e-con e-parent\" data-id=\"5210c97\" data-element_type=\"container\" data-e-type=\"container\">\n\t\t\t\t<div class=\"elementor-element elementor-element-1963744 elementor-widget elementor-widget-template\" data-id=\"1963744\" data-element_type=\"widget\" data-e-type=\"widget\" data-widget_type=\"template.default\">\n\t\t\t\t<div class=\"elementor-widget-container\">\n\t\t\t\t\t\t\t<div class=\"elementor-template\">\n\t\t\t\t\t<div data-elementor-type=\"section\" data-elementor-id=\"718\" class=\"elementor elementor-718 elementor-331\" data-elementor-post-type=\"elementor_library\">\n\t\t\t<div class=\"elementor-element elementor-element-10c479a e-flex e-con-boxed e-con e-parent\" data-id=\"10c479a\" data-element_type=\"container\" data-e-type=\"container\" data-settings=\"{&quot;background_background&quot;:&quot;classic&quot;}\">\n\t\t\t\t\t<div class=\"e-con-inner\">\n\t\t<div class=\"elementor-element elementor-element-7a41061 e-con-full e-flex e-con e-child\" data-id=\"7a41061\" data-element_type=\"container\" data-e-type=\"container\">\n\t\t\t\t<div class=\"elementor-element elementor-element-5f2746c elementor-align-center elementor-widget elementor-widget-breadcrumbs\" data-id=\"5f2746c\" data-element_type=\"widget\" data-e-type=\"widget\" data-widget_type=\"breadcrumbs.default\">\n\t\t\t\t\t<p id=\"breadcrumbs\"><span><span><a href=\"https:\/\/maria.demarkha.info\/\">Inicio<\/a><\/span><\/span><\/p>\t\t\t\t<\/div>\n\t\t\t\t<\/div>\n\t\t\t\t\t<\/div>\n\t\t\t\t<\/div>\n\t\t\t\t<\/div>\n\t\t\t\t<\/div>\n\t\t\t\t\t\t<\/div>\n\t\t\t\t<\/div>\n\t\t\t\t<\/div>\n\t\t<div class=\"elementor-element elementor-element-f898d89 e-flex e-con-boxed e-con e-parent\" data-id=\"f898d89\" data-element_type=\"container\" data-e-type=\"container\">\n\t\t\t\t\t<div class=\"e-con-inner\">\n\t\t\t\t<div class=\"elementor-element elementor-element-94d08f3 elementor-widget elementor-widget-text-editor\" data-id=\"94d08f3\" data-element_type=\"widget\" data-e-type=\"widget\" data-widget_type=\"text-editor.default\">\n\t\t\t\t\t\t\t\t\t<p>Los productos de Geluksdruppeltjes.com, incluidos CBD-A, CBG-A y aceites esenciales, no son medicamentos y no est\u00e1n destinados a diagnosticar, tratar ni prevenir enfermedades. No deben utilizarse como sustituto de asesoramiento m\u00e9dico; en caso de problemas de salud, consulte siempre a un m\u00e9dico.<\/p><p>Nuestros productos pueden contener trazas de THC, pero siempre inferiores al 0,01%. Esto se encuentra ampliamente dentro de las normativas europeas vigentes. Los productos sin THC est\u00e1n disponibles previa consulta.<\/p>\t\t\t\t\t\t\t\t<\/div>\n\t\t\t\t\t<\/div>\n\t\t\t\t<\/div>\n\t\t\t\t<\/div>\n\t\t","protected":false},"excerpt":{"rendered":"<p>Los productos de Geluksdruppeltjes.com, incluidos CBD-A, CBG-A y aceites esenciales, no son medicamentos y no est\u00e1n destinados a diagnosticar, tratar ni prevenir enfermedades. No deben utilizarse como sustituto de asesoramiento m\u00e9dico; en caso de problemas de salud, consulte siempre a un m\u00e9dico. Nuestros productos pueden contener trazas de THC, pero siempre inferiores al 0,01%. Esto [&hellip;]<\/p>\n","protected":false},"author":1,"featured_media":0,"parent":0,"menu_order":0,"comment_status":"closed","ping_status":"closed","template":"","meta":{"footnotes":""},"class_list":["post-639","page","type-page","status-publish","hentry"],"yoast_head":"<!-- This site is optimized with the Yoast SEO plugin v27.4 - https:\/\/yoast.com\/product\/yoast-seo-wordpress\/ -->\n<title>Juridische kennisgeving - Geluksdruppeltjes<\/title>\n<meta name=\"robots\" content=\"noindex, follow, max-snippet:-1, max-image-preview:large, max-video-preview:-1\" \/>\n<meta property=\"og:locale\" content=\"nl_NL\" \/>\n<meta property=\"og:type\" content=\"article\" \/>\n<meta property=\"og:title\" content=\"Juridische kennisgeving - Geluksdruppeltjes\" \/>\n<meta property=\"og:description\" content=\"Los productos de Geluksdruppeltjes.com, incluidos CBD-A, CBG-A y aceites esenciales, no son medicamentos y no est\u00e1n destinados a diagnosticar, tratar ni prevenir enfermedades. No deben utilizarse como sustituto de asesoramiento m\u00e9dico; en caso de problemas de salud, consulte siempre a un m\u00e9dico. Nuestros productos pueden contener trazas de THC, pero siempre inferiores al 0,01%. Esto [&hellip;]\" \/>\n<meta property=\"og:url\" content=\"https:\/\/geluksdruppeltjes.nl\/nl\/juridische-kennisgeving\/\" \/>\n<meta property=\"og:site_name\" content=\"Geluksdruppeltjes\" \/>\n<meta property=\"article:modified_time\" content=\"2026-04-28T18:30:49+00:00\" \/>\n<meta name=\"twitter:card\" content=\"summary_large_image\" \/>\n<meta name=\"twitter:label1\" content=\"Geschatte leestijd\" \/>\n\t<meta name=\"twitter:data1\" content=\"1 minuut\" \/>\n<script type=\"application\/ld+json\" class=\"yoast-schema-graph\">{\"@context\":\"https:\\\/\\\/schema.org\",\"@graph\":[{\"@type\":\"WebPage\",\"@id\":\"https:\\\/\\\/geluksdruppeltjes.nl\\\/nl\\\/juridische-kennisgeving\\\/\",\"url\":\"https:\\\/\\\/geluksdruppeltjes.nl\\\/nl\\\/juridische-kennisgeving\\\/\",\"name\":\"Juridische kennisgeving - Geluksdruppeltjes\",\"isPartOf\":{\"@id\":\"https:\\\/\\\/maria.demarkha.info\\\/#website\"},\"datePublished\":\"2026-04-22T10:45:18+00:00\",\"dateModified\":\"2026-04-28T18:30:49+00:00\",\"breadcrumb\":{\"@id\":\"https:\\\/\\\/geluksdruppeltjes.nl\\\/nl\\\/juridische-kennisgeving\\\/#breadcrumb\"},\"inLanguage\":\"nl-NL\",\"potentialAction\":[{\"@type\":\"ReadAction\",\"target\":[\"https:\\\/\\\/geluksdruppeltjes.nl\\\/nl\\\/juridische-kennisgeving\\\/\"]}]},{\"@type\":\"BreadcrumbList\",\"@id\":\"https:\\\/\\\/geluksdruppeltjes.nl\\\/nl\\\/juridische-kennisgeving\\\/#breadcrumb\",\"itemListElement\":[{\"@type\":\"ListItem\",\"position\":1,\"name\":\"Inicio\",\"item\":\"https:\\\/\\\/maria.demarkha.info\\\/\"},{\"@type\":\"ListItem\",\"position\":2,\"name\":\"Juridische kennisgeving\"}]},{\"@type\":\"WebSite\",\"@id\":\"https:\\\/\\\/maria.demarkha.info\\\/#website\",\"url\":\"https:\\\/\\\/maria.demarkha.info\\\/\",\"name\":\"Geluksdruppeltjes\",\"description\":\"De la enfermedad a la normalidad con destellos de felicidad\",\"publisher\":{\"@id\":\"https:\\\/\\\/maria.demarkha.info\\\/#organization\"},\"potentialAction\":[{\"@type\":\"SearchAction\",\"target\":{\"@type\":\"EntryPoint\",\"urlTemplate\":\"https:\\\/\\\/maria.demarkha.info\\\/?s={search_term_string}\"},\"query-input\":{\"@type\":\"PropertyValueSpecification\",\"valueRequired\":true,\"valueName\":\"search_term_string\"}}],\"inLanguage\":\"nl-NL\"},{\"@type\":\"Organization\",\"@id\":\"https:\\\/\\\/maria.demarkha.info\\\/#organization\",\"name\":\"Geluksdruppeltjes\",\"url\":\"https:\\\/\\\/maria.demarkha.info\\\/\",\"logo\":{\"@type\":\"ImageObject\",\"inLanguage\":\"nl-NL\",\"@id\":\"https:\\\/\\\/maria.demarkha.info\\\/#\\\/schema\\\/logo\\\/image\\\/\",\"url\":\"https:\\\/\\\/geluksdruppeltjes.nl\\\/wp-content\\\/uploads\\\/2026\\\/04\\\/logo-gds-svg-transp.avif\",\"contentUrl\":\"https:\\\/\\\/geluksdruppeltjes.nl\\\/wp-content\\\/uploads\\\/2026\\\/04\\\/logo-gds-svg-transp.avif\",\"width\":90,\"height\":144,\"caption\":\"Geluksdruppeltjes\"},\"image\":{\"@id\":\"https:\\\/\\\/maria.demarkha.info\\\/#\\\/schema\\\/logo\\\/image\\\/\"}}]}<\/script>\n<!-- \/ Yoast SEO plugin. -->","yoast_head_json":{"title":"Juridische kennisgeving - Geluksdruppeltjes","robots":{"index":"noindex","follow":"follow","max-snippet":"max-snippet:-1","max-image-preview":"max-image-preview:large","max-video-preview":"max-video-preview:-1"},"og_locale":"nl_NL","og_type":"article","og_title":"Juridische kennisgeving - Geluksdruppeltjes","og_description":"Los productos de Geluksdruppeltjes.com, incluidos CBD-A, CBG-A y aceites esenciales, no son medicamentos y no est\u00e1n destinados a diagnosticar, tratar ni prevenir enfermedades. No deben utilizarse como sustituto de asesoramiento m\u00e9dico; en caso de problemas de salud, consulte siempre a un m\u00e9dico. Nuestros productos pueden contener trazas de THC, pero siempre inferiores al 0,01%. Esto [&hellip;]","og_url":"https:\/\/geluksdruppeltjes.nl\/nl\/juridische-kennisgeving\/","og_site_name":"Geluksdruppeltjes","article_modified_time":"2026-04-28T18:30:49+00:00","twitter_card":"summary_large_image","twitter_misc":{"Geschatte leestijd":"1 minuut"},"schema":{"@context":"https:\/\/schema.org","@graph":[{"@type":"WebPage","@id":"https:\/\/geluksdruppeltjes.nl\/nl\/juridische-kennisgeving\/","url":"https:\/\/geluksdruppeltjes.nl\/nl\/juridische-kennisgeving\/","name":"Juridische kennisgeving - Geluksdruppeltjes","isPartOf":{"@id":"https:\/\/maria.demarkha.info\/#website"},"datePublished":"2026-04-22T10:45:18+00:00","dateModified":"2026-04-28T18:30:49+00:00","breadcrumb":{"@id":"https:\/\/geluksdruppeltjes.nl\/nl\/juridische-kennisgeving\/#breadcrumb"},"inLanguage":"nl-NL","potentialAction":[{"@type":"ReadAction","target":["https:\/\/geluksdruppeltjes.nl\/nl\/juridische-kennisgeving\/"]}]},{"@type":"BreadcrumbList","@id":"https:\/\/geluksdruppeltjes.nl\/nl\/juridische-kennisgeving\/#breadcrumb","itemListElement":[{"@type":"ListItem","position":1,"name":"Inicio","item":"https:\/\/maria.demarkha.info\/"},{"@type":"ListItem","position":2,"name":"Juridische kennisgeving"}]},{"@type":"WebSite","@id":"https:\/\/maria.demarkha.info\/#website","url":"https:\/\/maria.demarkha.info\/","name":"Geluksdruppeltjes","description":"De la enfermedad a la normalidad con destellos de felicidad","publisher":{"@id":"https:\/\/maria.demarkha.info\/#organization"},"potentialAction":[{"@type":"SearchAction","target":{"@type":"EntryPoint","urlTemplate":"https:\/\/maria.demarkha.info\/?s={search_term_string}"},"query-input":{"@type":"PropertyValueSpecification","valueRequired":true,"valueName":"search_term_string"}}],"inLanguage":"nl-NL"},{"@type":"Organization","@id":"https:\/\/maria.demarkha.info\/#organization","name":"Geluksdruppeltjes","url":"https:\/\/maria.demarkha.info\/","logo":{"@type":"ImageObject","inLanguage":"nl-NL","@id":"https:\/\/maria.demarkha.info\/#\/schema\/logo\/image\/","url":"https:\/\/geluksdruppeltjes.nl\/wp-content\/uploads\/2026\/04\/logo-gds-svg-transp.avif","contentUrl":"https:\/\/geluksdruppeltjes.nl\/wp-content\/uploads\/2026\/04\/logo-gds-svg-transp.avif","width":90,"height":144,"caption":"Geluksdruppeltjes"},"image":{"@id":"https:\/\/maria.demarkha.info\/#\/schema\/logo\/image\/"}}]}},"_links":{"self":[{"href":"https:\/\/geluksdruppeltjes.nl\/nl\/wp-json\/wp\/v2\/pages\/639","targetHints":{"allow":["GET"]}}],"collection":[{"href":"https:\/\/geluksdruppeltjes.nl\/nl\/wp-json\/wp\/v2\/pages"}],"about":[{"href":"https:\/\/geluksdruppeltjes.nl\/nl\/wp-json\/wp\/v2\/types\/page"}],"author":[{"embeddable":true,"href":"https:\/\/geluksdruppeltjes.nl\/nl\/wp-json\/wp\/v2\/users\/1"}],"replies":[{"embeddable":true,"href":"https:\/\/geluksdruppeltjes.nl\/nl\/wp-json\/wp\/v2\/comments?post=639"}],"version-history":[{"count":3,"href":"https:\/\/geluksdruppeltjes.nl\/nl\/wp-json\/wp\/v2\/pages\/639\/revisions"}],"predecessor-version":[{"id":650,"href":"https:\/\/geluksdruppeltjes.nl\/nl\/wp-json\/wp\/v2\/pages\/639\/revisions\/650"}],"wp:attachment":[{"href":"https:\/\/geluksdruppeltjes.nl\/nl\/wp-json\/wp\/v2\/media?parent=639"}],"curies":[{"name":"wp","href":"https:\/\/api.w.org\/{rel}","templated":true}]}}