{"id":907,"date":"2026-04-21T11:48:29","date_gmt":"2026-04-21T09:48:29","guid":{"rendered":"https:\/\/geluksdruppeltjes.nl\/producto\/crema-de-cbda\/"},"modified":"2026-04-29T11:51:52","modified_gmt":"2026-04-29T09:51:52","slug":"cbd-a-creme","status":"publish","type":"product","link":"https:\/\/geluksdruppeltjes.nl\/nl\/producto\/cbd-a-creme\/","title":{"rendered":"CBD-A Cr\u00e8me"},"content":{"rendered":"","protected":false},"excerpt":{"rendered":"<p>Ultra Premium CBDA Cr\u00e8me met Propolis en Vitamine E<\/p>\n<p>Deze exclusieve CBDA cr\u00e8me is ontwikkeld als een hoogwaardige, intensieve huidverzorgingsbalsem met een uitzonderlijk rijke en geconcentreerde formule.<\/p>\n<p>De formule bestaat uit 63% koudgeperste amandelolie en 20% bijenwas, die samen een diep voedende, beschermende en verzachtende basis vormen die zich prachtig over de huid verspreidt. De cr\u00e8me is verrijkt met 7% CBDA en 10% propolis, geselecteerd vanwege hun krachtige natuurlijke eigenschappen in de traditionele huidverzorging.<\/p>\n<p>Vitamine E is toegevoegd om de huid te ondersteunen en te helpen deze zacht, gezond en in balans te houden.<\/p>\n<p>Propolis wordt al eeuwenlang gebruikt in de traditionele huidverzorging en staat bekend om zijn natuurlijke beschermende eigenschappen.<\/p>\n<p>Een pure en geconcentreerde formule, vrij van onnodige toevoegingen, ontwikkeld voor diegenen die alleen het allerbeste op het gebied van natuurlijke huidverzorging willen.<\/p>\n","protected":false},"featured_media":905,"template":"","meta":[],"product_brand":[],"product_cat":[63],"product_tag":[],"class_list":{"0":"post-907","1":"product","2":"type-product","3":"status-publish","4":"has-post-thumbnail","6":"product_cat-cdba","8":"first","9":"instock","10":"taxable","11":"shipping-taxable","12":"purchasable","13":"product-type-variable"},"yoast_head":"<!-- This site is optimized with the Yoast SEO plugin v27.4 - https:\/\/yoast.com\/product\/yoast-seo-wordpress\/ -->\n<title>CBD-A Cr\u00e8me - Geluksdruppeltjes<\/title>\n<meta name=\"robots\" content=\"noindex, follow, max-snippet:-1, max-image-preview:large, max-video-preview:-1\" \/>\n<meta property=\"og:locale\" content=\"nl_NL\" \/>\n<meta property=\"og:type\" content=\"article\" \/>\n<meta property=\"og:title\" content=\"CBD-A Cr\u00e8me - Geluksdruppeltjes\" \/>\n<meta property=\"og:description\" content=\"Ultra Premium CBDA Cr\u00e8me met Propolis en Vitamine E  Deze exclusieve CBDA cr\u00e8me is ontwikkeld als een hoogwaardige, intensieve huidverzorgingsbalsem met een uitzonderlijk rijke en geconcentreerde formule.  De formule bestaat uit 63% koudgeperste amandelolie en 20% bijenwas, die samen een diep voedende, beschermende en verzachtende basis vormen die zich prachtig over de huid verspreidt. De cr\u00e8me is verrijkt met 7% CBDA en 10% propolis, geselecteerd vanwege hun krachtige natuurlijke eigenschappen in de traditionele huidverzorging.  Vitamine E is toegevoegd om de huid te ondersteunen en te helpen deze zacht, gezond en in balans te houden.  Propolis wordt al eeuwenlang gebruikt in de traditionele huidverzorging en staat bekend om zijn natuurlijke beschermende eigenschappen.  Een pure en geconcentreerde formule, vrij van onnodige toevoegingen, ontwikkeld voor diegenen die alleen het allerbeste op het gebied van natuurlijke huidverzorging willen.\" \/>\n<meta property=\"og:url\" content=\"https:\/\/geluksdruppeltjes.nl\/nl\/producto\/cbd-a-creme\/\" \/>\n<meta property=\"og:site_name\" content=\"Geluksdruppeltjes\" \/>\n<meta property=\"article:modified_time\" content=\"2026-04-29T09:51:52+00:00\" \/>\n<meta property=\"og:image\" content=\"https:\/\/maria.demarkha.info\/wp-content\/uploads\/2026\/04\/crema-de-CBDA.jpg\" \/>\n\t<meta property=\"og:image:width\" content=\"1024\" \/>\n\t<meta property=\"og:image:height\" content=\"1024\" \/>\n\t<meta property=\"og:image:type\" content=\"image\/jpeg\" \/>\n<meta name=\"twitter:card\" content=\"summary_large_image\" \/>\n<meta name=\"twitter:label1\" content=\"Geschatte leestijd\" \/>\n\t<meta name=\"twitter:data1\" content=\"1 minuut\" \/>\n<script type=\"application\/ld+json\" class=\"yoast-schema-graph\">{\"@context\":\"https:\\\/\\\/schema.org\",\"@graph\":[{\"@type\":\"WebPage\",\"@id\":\"https:\\\/\\\/geluksdruppeltjes.nl\\\/nl\\\/producto\\\/cbd-a-creme\\\/\",\"url\":\"https:\\\/\\\/geluksdruppeltjes.nl\\\/nl\\\/producto\\\/cbd-a-creme\\\/\",\"name\":\"CBD-A Cr\u00e8me - Geluksdruppeltjes\",\"isPartOf\":{\"@id\":\"https:\\\/\\\/maria.demarkha.info\\\/#website\"},\"primaryImageOfPage\":{\"@id\":\"https:\\\/\\\/geluksdruppeltjes.nl\\\/nl\\\/producto\\\/cbd-a-creme\\\/#primaryimage\"},\"image\":{\"@id\":\"https:\\\/\\\/geluksdruppeltjes.nl\\\/nl\\\/producto\\\/cbd-a-creme\\\/#primaryimage\"},\"thumbnailUrl\":\"https:\\\/\\\/geluksdruppeltjes.nl\\\/wp-content\\\/uploads\\\/2026\\\/04\\\/crema-de-CBDA.jpg\",\"datePublished\":\"2026-04-21T09:48:29+00:00\",\"dateModified\":\"2026-04-29T09:51:52+00:00\",\"breadcrumb\":{\"@id\":\"https:\\\/\\\/geluksdruppeltjes.nl\\\/nl\\\/producto\\\/cbd-a-creme\\\/#breadcrumb\"},\"inLanguage\":\"nl-NL\",\"potentialAction\":[{\"@type\":\"ReadAction\",\"target\":[\"https:\\\/\\\/geluksdruppeltjes.nl\\\/nl\\\/producto\\\/cbd-a-creme\\\/\"]}]},{\"@type\":\"ImageObject\",\"inLanguage\":\"nl-NL\",\"@id\":\"https:\\\/\\\/geluksdruppeltjes.nl\\\/nl\\\/producto\\\/cbd-a-creme\\\/#primaryimage\",\"url\":\"https:\\\/\\\/geluksdruppeltjes.nl\\\/wp-content\\\/uploads\\\/2026\\\/04\\\/crema-de-CBDA.jpg\",\"contentUrl\":\"https:\\\/\\\/geluksdruppeltjes.nl\\\/wp-content\\\/uploads\\\/2026\\\/04\\\/crema-de-CBDA.jpg\",\"width\":1024,\"height\":1024},{\"@type\":\"BreadcrumbList\",\"@id\":\"https:\\\/\\\/geluksdruppeltjes.nl\\\/nl\\\/producto\\\/cbd-a-creme\\\/#breadcrumb\",\"itemListElement\":[{\"@type\":\"ListItem\",\"position\":1,\"name\":\"Inicio\",\"item\":\"https:\\\/\\\/maria.demarkha.info\\\/\"},{\"@type\":\"ListItem\",\"position\":2,\"name\":\"Winkel\",\"item\":\"https:\\\/\\\/maria.demarkha.info\\\/tienda\\\/\"},{\"@type\":\"ListItem\",\"position\":3,\"name\":\"CBD-A Cr\u00e8me\"}]},{\"@type\":\"WebSite\",\"@id\":\"https:\\\/\\\/maria.demarkha.info\\\/#website\",\"url\":\"https:\\\/\\\/maria.demarkha.info\\\/\",\"name\":\"Geluksdruppeltjes\",\"description\":\"De la enfermedad a la normalidad con destellos de felicidad\",\"publisher\":{\"@id\":\"https:\\\/\\\/maria.demarkha.info\\\/#organization\"},\"potentialAction\":[{\"@type\":\"SearchAction\",\"target\":{\"@type\":\"EntryPoint\",\"urlTemplate\":\"https:\\\/\\\/maria.demarkha.info\\\/?s={search_term_string}\"},\"query-input\":{\"@type\":\"PropertyValueSpecification\",\"valueRequired\":true,\"valueName\":\"search_term_string\"}}],\"inLanguage\":\"nl-NL\"},{\"@type\":\"Organization\",\"@id\":\"https:\\\/\\\/maria.demarkha.info\\\/#organization\",\"name\":\"Geluksdruppeltjes\",\"url\":\"https:\\\/\\\/maria.demarkha.info\\\/\",\"logo\":{\"@type\":\"ImageObject\",\"inLanguage\":\"nl-NL\",\"@id\":\"https:\\\/\\\/maria.demarkha.info\\\/#\\\/schema\\\/logo\\\/image\\\/\",\"url\":\"https:\\\/\\\/geluksdruppeltjes.nl\\\/wp-content\\\/uploads\\\/2026\\\/04\\\/logo-gds-svg-transp.avif\",\"contentUrl\":\"https:\\\/\\\/geluksdruppeltjes.nl\\\/wp-content\\\/uploads\\\/2026\\\/04\\\/logo-gds-svg-transp.avif\",\"width\":90,\"height\":144,\"caption\":\"Geluksdruppeltjes\"},\"image\":{\"@id\":\"https:\\\/\\\/maria.demarkha.info\\\/#\\\/schema\\\/logo\\\/image\\\/\"}}]}<\/script>\n<!-- \/ Yoast SEO plugin. -->","yoast_head_json":{"title":"CBD-A Cr\u00e8me - Geluksdruppeltjes","robots":{"index":"noindex","follow":"follow","max-snippet":"max-snippet:-1","max-image-preview":"max-image-preview:large","max-video-preview":"max-video-preview:-1"},"og_locale":"nl_NL","og_type":"article","og_title":"CBD-A Cr\u00e8me - Geluksdruppeltjes","og_description":"Ultra Premium CBDA Cr\u00e8me met Propolis en Vitamine E  Deze exclusieve CBDA cr\u00e8me is ontwikkeld als een hoogwaardige, intensieve huidverzorgingsbalsem met een uitzonderlijk rijke en geconcentreerde formule.  De formule bestaat uit 63% koudgeperste amandelolie en 20% bijenwas, die samen een diep voedende, beschermende en verzachtende basis vormen die zich prachtig over de huid verspreidt. De cr\u00e8me is verrijkt met 7% CBDA en 10% propolis, geselecteerd vanwege hun krachtige natuurlijke eigenschappen in de traditionele huidverzorging.  Vitamine E is toegevoegd om de huid te ondersteunen en te helpen deze zacht, gezond en in balans te houden.  Propolis wordt al eeuwenlang gebruikt in de traditionele huidverzorging en staat bekend om zijn natuurlijke beschermende eigenschappen.  Een pure en geconcentreerde formule, vrij van onnodige toevoegingen, ontwikkeld voor diegenen die alleen het allerbeste op het gebied van natuurlijke huidverzorging willen.","og_url":"https:\/\/geluksdruppeltjes.nl\/nl\/producto\/cbd-a-creme\/","og_site_name":"Geluksdruppeltjes","article_modified_time":"2026-04-29T09:51:52+00:00","og_image":[{"width":1024,"height":1024,"url":"https:\/\/maria.demarkha.info\/wp-content\/uploads\/2026\/04\/crema-de-CBDA.jpg","type":"image\/jpeg"}],"twitter_card":"summary_large_image","twitter_misc":{"Geschatte leestijd":"1 minuut"},"schema":{"@context":"https:\/\/schema.org","@graph":[{"@type":"WebPage","@id":"https:\/\/geluksdruppeltjes.nl\/nl\/producto\/cbd-a-creme\/","url":"https:\/\/geluksdruppeltjes.nl\/nl\/producto\/cbd-a-creme\/","name":"CBD-A Cr\u00e8me - Geluksdruppeltjes","isPartOf":{"@id":"https:\/\/maria.demarkha.info\/#website"},"primaryImageOfPage":{"@id":"https:\/\/geluksdruppeltjes.nl\/nl\/producto\/cbd-a-creme\/#primaryimage"},"image":{"@id":"https:\/\/geluksdruppeltjes.nl\/nl\/producto\/cbd-a-creme\/#primaryimage"},"thumbnailUrl":"https:\/\/geluksdruppeltjes.nl\/wp-content\/uploads\/2026\/04\/crema-de-CBDA.jpg","datePublished":"2026-04-21T09:48:29+00:00","dateModified":"2026-04-29T09:51:52+00:00","breadcrumb":{"@id":"https:\/\/geluksdruppeltjes.nl\/nl\/producto\/cbd-a-creme\/#breadcrumb"},"inLanguage":"nl-NL","potentialAction":[{"@type":"ReadAction","target":["https:\/\/geluksdruppeltjes.nl\/nl\/producto\/cbd-a-creme\/"]}]},{"@type":"ImageObject","inLanguage":"nl-NL","@id":"https:\/\/geluksdruppeltjes.nl\/nl\/producto\/cbd-a-creme\/#primaryimage","url":"https:\/\/geluksdruppeltjes.nl\/wp-content\/uploads\/2026\/04\/crema-de-CBDA.jpg","contentUrl":"https:\/\/geluksdruppeltjes.nl\/wp-content\/uploads\/2026\/04\/crema-de-CBDA.jpg","width":1024,"height":1024},{"@type":"BreadcrumbList","@id":"https:\/\/geluksdruppeltjes.nl\/nl\/producto\/cbd-a-creme\/#breadcrumb","itemListElement":[{"@type":"ListItem","position":1,"name":"Inicio","item":"https:\/\/maria.demarkha.info\/"},{"@type":"ListItem","position":2,"name":"Winkel","item":"https:\/\/maria.demarkha.info\/tienda\/"},{"@type":"ListItem","position":3,"name":"CBD-A Cr\u00e8me"}]},{"@type":"WebSite","@id":"https:\/\/maria.demarkha.info\/#website","url":"https:\/\/maria.demarkha.info\/","name":"Geluksdruppeltjes","description":"De la enfermedad a la normalidad con destellos de felicidad","publisher":{"@id":"https:\/\/maria.demarkha.info\/#organization"},"potentialAction":[{"@type":"SearchAction","target":{"@type":"EntryPoint","urlTemplate":"https:\/\/maria.demarkha.info\/?s={search_term_string}"},"query-input":{"@type":"PropertyValueSpecification","valueRequired":true,"valueName":"search_term_string"}}],"inLanguage":"nl-NL"},{"@type":"Organization","@id":"https:\/\/maria.demarkha.info\/#organization","name":"Geluksdruppeltjes","url":"https:\/\/maria.demarkha.info\/","logo":{"@type":"ImageObject","inLanguage":"nl-NL","@id":"https:\/\/maria.demarkha.info\/#\/schema\/logo\/image\/","url":"https:\/\/geluksdruppeltjes.nl\/wp-content\/uploads\/2026\/04\/logo-gds-svg-transp.avif","contentUrl":"https:\/\/geluksdruppeltjes.nl\/wp-content\/uploads\/2026\/04\/logo-gds-svg-transp.avif","width":90,"height":144,"caption":"Geluksdruppeltjes"},"image":{"@id":"https:\/\/maria.demarkha.info\/#\/schema\/logo\/image\/"}}]}},"_links":{"self":[{"href":"https:\/\/geluksdruppeltjes.nl\/nl\/wp-json\/wp\/v2\/product\/907","targetHints":{"allow":["GET"]}}],"collection":[{"href":"https:\/\/geluksdruppeltjes.nl\/nl\/wp-json\/wp\/v2\/product"}],"about":[{"href":"https:\/\/geluksdruppeltjes.nl\/nl\/wp-json\/wp\/v2\/types\/product"}],"wp:featuredmedia":[{"embeddable":true,"href":"https:\/\/geluksdruppeltjes.nl\/nl\/wp-json\/wp\/v2\/media\/905"}],"wp:attachment":[{"href":"https:\/\/geluksdruppeltjes.nl\/nl\/wp-json\/wp\/v2\/media?parent=907"}],"wp:term":[{"taxonomy":"product_brand","embeddable":true,"href":"https:\/\/geluksdruppeltjes.nl\/nl\/wp-json\/wp\/v2\/product_brand?post=907"},{"taxonomy":"product_cat","embeddable":true,"href":"https:\/\/geluksdruppeltjes.nl\/nl\/wp-json\/wp\/v2\/product_cat?post=907"},{"taxonomy":"product_tag","embeddable":true,"href":"https:\/\/geluksdruppeltjes.nl\/nl\/wp-json\/wp\/v2\/product_tag?post=907"}],"curies":[{"name":"wp","href":"https:\/\/api.w.org\/{rel}","templated":true}]}}